{"id":1050,"date":"2025-09-11T20:47:47","date_gmt":"2025-09-11T20:47:47","guid":{"rendered":"https:\/\/bixamexicana.com\/?page_id=1050"},"modified":"2025-10-22T15:32:02","modified_gmt":"2025-10-22T15:32:02","slug":"functional-flavors","status":"publish","type":"page","link":"https:\/\/bixamexicana.com\/index.php\/functional-flavors\/","title":{"rendered":"Functional Flavors"},"content":{"rendered":"<div class=\"wpb-content-wrapper\"><p>[vc_row full_width=\u00bbstretch_row\u00bb content_placement=\u00bbtop\u00bb bg_type=\u00bbimage\u00bb parallax_style=\u00bbvcpb-vz-jquery\u00bb bg_image_new=\u00bbid^950|url^https:\/\/bixamexicana.com\/wp-content\/uploads\/2025\/09\/Back_03.jpg|caption^null|alt^null|title^Back_03|description^null\u00bb bg_image_repeat=\u00bbno-repeat\u00bb parallax_sense=\u00bb30&#8243; disable_on_mobile_img_parallax=\u00bbdisable_on_mobile_img_parallax_value\u00bb css=\u00bb.vc_custom_1761146878967{padding-top: 120px !important;padding-bottom: 0px !important;}\u00bb][vc_column width=\u00bb1\/3&#8243;][vc_single_image image=\u00bb1052&#8243; img_size=\u00bbLarge\u00bb alignment=\u00bbcenter\u00bb style=\u00bbvc_box_shadow_circle\u00bb css_animation=\u00bbrotateIn\u00bb css=\u00bb\u00bb][\/vc_column][vc_column width=\u00bb2\/3&#8243;]<div class=\"ult-animation  ult-animate-viewport  ult-no-mobile \" data-animate=\"slideInRight\" data-animation-delay=\"0\" data-animation-duration=\"1\" data-animation-iteration=\"1\" style=\"opacity:0;\" data-opacity_start_effect=\"\"><div id=\"ultimate-heading-981569d12f2ed0ce0\" class=\"uvc-heading ult-adjust-bottom-margin ultimate-heading-981569d12f2ed0ce0 uvc-7364 \" data-hspacer=\"no_spacer\"  data-halign=\"left\" style=\"text-align:left\"><div class=\"uvc-heading-spacer no_spacer\" style=\"top\"><\/div><div class=\"uvc-sub-heading ult-responsive\"  data-ultimate-target='.uvc-heading.ultimate-heading-981569d12f2ed0ce0 .uvc-sub-heading '  data-responsive-json-new='{\"font-size\":\"desktop:80px;mobile:60px;\",\"line-height\":\"desktop:70px;\"}'  style=\"font-family:&#039;Playfair Display&#039;;font-style:italic;font-weight:normal;color:#ca3625;\">Functional Flavors<\/div><\/div>[vc_empty_space height=\u00bb20px\u00bb]<div id=\"ultimate-heading-283769d12f2ed0d5a\" class=\"uvc-heading ult-adjust-bottom-margin ultimate-heading-283769d12f2ed0d5a uvc-7091 \" data-hspacer=\"no_spacer\"  data-halign=\"left\" style=\"text-align:left\"><div class=\"uvc-heading-spacer no_spacer\" style=\"top\"><\/div><div class=\"uvc-main-heading ult-responsive\"  data-ultimate-target='.uvc-heading.ultimate-heading-283769d12f2ed0d5a h4'  data-responsive-json-new='{\"font-size\":\"desktop:25px;\",\"line-height\":\"\"}' ><h4 style=\"font-weight:bold;color:#000000;\">L\u00ednea Premium<\/h4><\/div><\/div><\/div>[vc_empty_space height=\u00bb20px\u00bb]<div class=\"ult-animation  ult-animate-viewport  ult-no-mobile \" data-animate=\"slideInRight\" data-animation-delay=\"0.2\" data-animation-duration=\"1\" data-animation-iteration=\"1\" style=\"opacity:0;\" data-opacity_start_effect=\"\">[vc_row_inner][vc_column_inner width=\u00bb1\/2&#8243;][vc_column_text css=\u00bb\u00bb]Mezclas tecnol\u00f3gicamente probadas de mezclas de ingredientes formulados para <strong>optimizar textura<\/strong>, <strong>mordida<\/strong>, <strong>apariencia<\/strong> y <strong>rendimiento<\/strong> en una amplia variedad de productos: res, cerdo, pollo (con o sin piel), pescados, mariscos y productos embutidos. Adem\u00e1s contribuyen a <strong>prolongar la vida de anaquel<\/strong>, asegurando productos m\u00e1s atractivos y de mayor valor para el consumidor.[\/vc_column_text][\/vc_column_inner][vc_column_inner width=\u00bb1\/2&#8243;][vc_column_text css=\u00bb\u00bb]Cada desarrollo <strong>se personaliza seg\u00fan las necesidades de cada proceso y cliente<\/strong>, garantizando soluciones \u00fanicas y adaptadas a la producci\u00f3n espec\u00edfica.<\/p>\n<p>Cada desarrollo se personaliza seg\u00fan las necesidades de cada proceso y cliente, garantizando soluciones \u00fanicas y adaptadas a la producci\u00f3n espec\u00edfica.<\/p>\n<p>[\/vc_column_text][\/vc_column_inner][\/vc_row_inner]<\/div><div class=\"ult-animation  ult-animate-viewport  ult-no-mobile \" data-animate=\"slideInRight\" data-animation-delay=\"0.4\" data-animation-duration=\"1\" data-animation-iteration=\"1\" style=\"opacity:0;\" data-opacity_start_effect=\"\">[vc_row_inner][vc_column_inner][vc_empty_space height=\u00bb20px\u00bb]<div id=\"ultimate-heading-458669d12f2ed0e16\" class=\"uvc-heading ult-adjust-bottom-margin ultimate-heading-458669d12f2ed0e16 uvc-4996 \" data-hspacer=\"no_spacer\"  data-halign=\"left\" style=\"text-align:left\"><div class=\"uvc-heading-spacer no_spacer\" style=\"top\"><\/div><div class=\"uvc-sub-heading ult-responsive\"  data-ultimate-target='.uvc-heading.ultimate-heading-458669d12f2ed0e16 .uvc-sub-heading '  data-responsive-json-new='{\"font-size\":\"desktop:25px;\",\"line-height\":\"\"}'  style=\"font-family:&#039;Playfair Display&#039;;font-style:italic;font-weight:normal;color:#ca3625;\">Su aplicaci\u00f3n es vers\u00e1til y puede realizarse mediante salmuera de reposo, inyecci\u00f3n o tumbler, logrando una distribuci\u00f3n uniforme y resultados consistentes en toda la superficie del producto.<\/div><\/div>[\/vc_column_inner][\/vc_row_inner]<\/div><div class=\"ult-animation  ult-animate-viewport  ult-no-mobile \" data-animate=\"slideInRight\" data-animation-delay=\"0.6\" data-animation-duration=\"1\" data-animation-iteration=\"1\" style=\"opacity:0;\" data-opacity_start_effect=\"\">[vc_row_inner][vc_column_inner][vc_empty_space height=\u00bb40px\u00bb]<div id=\"ultimate-heading-733669d12f2ed0eea\" class=\"uvc-heading ult-adjust-bottom-margin ultimate-heading-733669d12f2ed0eea uvc-9838 \" data-hspacer=\"no_spacer\"  data-halign=\"left\" style=\"text-align:left\"><div class=\"uvc-heading-spacer no_spacer\" style=\"top\"><\/div><div class=\"uvc-main-heading ult-responsive\"  data-ultimate-target='.uvc-heading.ultimate-heading-733669d12f2ed0eea h4'  data-responsive-json-new='{\"font-size\":\"\",\"line-height\":\"\"}' ><h4 style=\"font-family:&#039;Montserrat&#039;;font-weight:500;color:#000000;\">Aplicaciones de Functional Flavors<\/h4><\/div><\/div>[vc_empty_space height=\u00bb20px\u00bb][vc_column_text css=\u00bb\u00bb]<strong>RES \u2013 FF<\/strong>: Chuck Steak, Short Rib, Bistec, Falda, recortes y m\u00e1s.<\/p>\n<p><strong>CERDO \u2013 FF<\/strong>: Pierna, Pulpa, Pork Collar, Lomo, Costilla, Entrecot, Pecho, Tocino, Chamorro, Codillo, Panceta, recortes y m\u00e1s.<\/p>\n<p><strong>POLLO \u2013 FF<\/strong>: Piezas de Pollo (alas, pierna, muslo, pierna-muslo), Pollo Entero, Pechuga Entera con\/sin hueso y m\u00e1s.<\/p>\n<p><strong>PESCADOS \u2013 FF<\/strong>: Lomos, At\u00fan, Filetes, Peces Enteros, Lonjas, etc.<\/p>\n<p>[\/vc_column_text][vc_empty_space height=\u00bb40px\u00bb]<div id=\"ultimate-heading-718069d12f2ed0f3f\" class=\"uvc-heading ult-adjust-bottom-margin ultimate-heading-718069d12f2ed0f3f uvc-1474 \" data-hspacer=\"no_spacer\"  data-halign=\"left\" style=\"text-align:left\"><div class=\"uvc-heading-spacer no_spacer\" style=\"top\"><\/div><div class=\"uvc-main-heading ult-responsive\"  data-ultimate-target='.uvc-heading.ultimate-heading-718069d12f2ed0f3f h4'  data-responsive-json-new='{\"font-size\":\"\",\"line-height\":\"\"}' ><h4 style=\"font-family:&#039;Montserrat&#039;;font-weight:500;color:#000000;\">\u00bfD\u00f3nde se pueden aplicar?<\/h4><\/div><\/div>[vc_empty_space height=\u00bb20px\u00bb]<div class=\"  uavc-icons \">\n<span class=\"aio-tooltip 69d12f2ed1159\" data-toggle=\"tooltip\" data-placement=\"top\" title=\"Pollo\"><div class=\"aio-icon circle \" data-animation=\"pulse\" data-animation-delay=\"03\" style=\"color:#ffffff;background:#d64c30;font-size:30px;margin-right:3px;\">\n\t<i class=\"BixaIconsCatorce-BixaMexicanaIcons-01\"><\/i>\n<\/div><\/span>\n<span class=\"aio-tooltip 69d12f2ed11aa\" data-toggle=\"tooltip\" data-placement=\"top\" title=\"Res\"><div class=\"aio-icon circle \" data-animation=\"pulse\" data-animation-delay=\"03\" style=\"color:#ffffff;background:#d64c30;font-size:30px;margin-right:3px;\">\n\t<i class=\"BixaIconsCatorce-BixaMexicanaIcons-02\"><\/i>\n<\/div><\/span>\n<span class=\"aio-tooltip 69d12f2ed11dc\" data-toggle=\"tooltip\" data-placement=\"top\" title=\"Cerdo\"><div class=\"aio-icon circle \" data-animation=\"pulse\" data-animation-delay=\"03\" style=\"color:#ffffff;background:#d64c30;font-size:30px;margin-right:3px;\">\n\t<i class=\"BixaIconsCatorce-BixaMexicanaIcons-03\"><\/i>\n<\/div><\/span>\n<span class=\"aio-tooltip 69d12f2ed1207\" data-toggle=\"tooltip\" data-placement=\"top\" title=\"Pescados\"><div class=\"aio-icon circle \" data-animation=\"pulse\" data-animation-delay=\"03\" style=\"color:#ffffff;background:#d64c30;font-size:30px;margin-right:3px;\">\n\t<i class=\"BixaIconsCatorce-BixaMexicanaIcons-04\"><\/i>\n<\/div><\/span>\n<span class=\"aio-tooltip 69d12f2ed1241\" data-toggle=\"tooltip\" data-placement=\"top\" title=\"Mariscos\"><div class=\"aio-icon circle \" data-animation=\"pulse\" data-animation-delay=\"03\" style=\"color:#ffffff;background:#d64c30;font-size:30px;margin-right:3px;\">\n\t<i class=\"BixaIconsCatorce-BixaMexicanaIcons-05\"><\/i>\n<\/div><\/span>\n<span class=\"aio-tooltip 69d12f2ed1268\" data-toggle=\"tooltip\" data-placement=\"top\" title=\"Embutidos\"><div class=\"aio-icon circle \" data-animation=\"pulse\" data-animation-delay=\"03\" style=\"color:#ffffff;background:#d64c30;font-size:30px;margin-right:3px;\">\n\t<i class=\"BixaIconDieciseis-BixaMexicanaIcons-14\"><\/i>\n<\/div><\/span><\/div>[vc_empty_space height=\u00bb40px\u00bb][\/vc_column_inner][\/vc_row_inner]<\/div><div id=\"ultimate-heading-686569d12f2ed12c0\" class=\"uvc-heading ult-adjust-bottom-margin ultimate-heading-686569d12f2ed12c0 uvc-7411 \" data-hspacer=\"no_spacer\"  data-halign=\"left\" style=\"text-align:left\"><div class=\"uvc-heading-spacer no_spacer\" style=\"top\"><\/div><div class=\"uvc-main-heading ult-responsive\"  data-ultimate-target='.uvc-heading.ultimate-heading-686569d12f2ed12c0 h4'  data-responsive-json-new='{\"font-size\":\"\",\"line-height\":\"\"}' ><h4 style=\"font-family:&#039;Montserrat&#039;;font-weight:500;color:#000000;\">Presentaci\u00f3n<\/h4><\/div><div class=\"uvc-sub-heading ult-responsive\"  data-ultimate-target='.uvc-heading.ultimate-heading-686569d12f2ed12c0 .uvc-sub-heading '  data-responsive-json-new='{\"font-size\":\"desktop:25px;\",\"line-height\":\"\"}'  style=\"font-family:&#039;Montserrat&#039;;font-weight:700;color:#000000;\">Sacos de 25 kg<\/div><\/div>[vc_single_image image=\u00bb1057&#8243; img_size=\u00bbLarge\u00bb css=\u00bb\u00bb][\/vc_column][\/vc_row][vc_section full_width=\u00bbstretch_row_content\u00bb][vc_row parallax=\u00bbcontent-moving\u00bb parallax_image=\u00bb1011&#8243; css=\u00bb.vc_custom_1761147065811{padding-top: 50px !important;padding-bottom: 20px !important;}\u00bb][vc_column width=\u00bb1\/3&#8243;]<div class=\"aio-icon-component    style_1\"><div id=\"Info-box-wrap-2894\" class=\"aio-icon-box top-icon\" style=\"\"  ><div class=\"aio-icon-top\"><div class=\"ult-just-icon-wrapper  \"><div class=\"align-icon\" style=\"text-align:center;\">\n<div class=\"aio-icon none \"  style=\"color:#ffffff;font-size:32px;display:inline-block;\">\n\t<i class=\"linearicons-telephone2\"><\/i>\n<\/div><\/div><\/div><\/div><div class=\"aio-icon-description ult-responsive\"  data-ultimate-target='#Info-box-wrap-2894 .aio-icon-description'  data-responsive-json-new='{\"font-size\":\"desktop:12px;\",\"line-height\":\"\"}'  style=\"color:#ffffff;\">+52 442 214 1647<\/p>\n<p><\/div> <!-- description --><\/div> <!-- aio-icon-box --><\/div> <!-- aio-icon-component -->[\/vc_column][vc_column width=\u00bb1\/3&#8243;]<div class=\"aio-icon-component    style_1\"><div id=\"Info-box-wrap-8125\" class=\"aio-icon-box top-icon\" style=\"\"  ><div class=\"aio-icon-top\"><div class=\"ult-just-icon-wrapper  \"><div class=\"align-icon\" style=\"text-align:center;\">\n<div class=\"aio-icon none \"  style=\"color:#ffffff;font-size:32px;display:inline-block;\">\n\t<i class=\"linearicons-map\"><\/i>\n<\/div><\/div><\/div><\/div><div class=\"aio-icon-description ult-responsive\"  data-ultimate-target='#Info-box-wrap-8125 .aio-icon-description'  data-responsive-json-new='{\"font-size\":\"desktop:12px;\",\"line-height\":\"\"}'  style=\"color:#ffffff;\"><strong>Parque Industrial QPARK<\/strong><br \/>\nLibramiento Norponiente No 27292, Bodega 7<br \/>\nCol. Tlacote el Bajo, C.P. 76229.<br \/>\nSantiago de Quer\u00e9taro, Qro.<\/div> <!-- description --><\/div> <!-- aio-icon-box --><\/div> <!-- aio-icon-component -->[\/vc_column][vc_column width=\u00bb1\/3&#8243;]<div class=\"aio-icon-component    style_1\"><div id=\"Info-box-wrap-8713\" class=\"aio-icon-box top-icon\" style=\"\"  ><div class=\"aio-icon-top\"><div class=\"ult-just-icon-wrapper  \"><div class=\"align-icon\" style=\"text-align:center;\">\n<div class=\"aio-icon none \"  style=\"color:#ffffff;font-size:32px;display:inline-block;\">\n\t<i class=\"linearicons-at-sign\"><\/i>\n<\/div><\/div><\/div><\/div><div class=\"aio-icon-description ult-responsive\"  data-ultimate-target='#Info-box-wrap-8713 .aio-icon-description'  data-responsive-json-new='{\"font-size\":\"desktop:12px;\",\"line-height\":\"\"}'  style=\"color:#ffffff;\">ventas@bixamexicana.com<\/div> <!-- description --><\/div> <!-- aio-icon-box --><\/div> <!-- aio-icon-component -->[\/vc_column][\/vc_row][\/vc_section]<\/p>\n<\/div>","protected":false},"excerpt":{"rendered":"<p>[vc_row full_width=\u00bbstretch_row\u00bb content_placement=\u00bbtop\u00bb bg_type=\u00bbimage\u00bb parallax_style=\u00bbvcpb-vz-jquery\u00bb bg_image_new=\u00bbid^950|url^https:\/\/bixamexicana.com\/wp-content\/uploads\/2025\/09\/Back_03.jpg|caption^null|alt^null|title^Back_03|description^null\u00bb bg_image_repeat=\u00bbno-repeat\u00bb parallax_sense=\u00bb30&#8243; disable_on_mobile_img_parallax=\u00bbdisable_on_mobile_img_parallax_value\u00bb css=\u00bb.vc_custom_1761146878967{padding-top: 120px !important;padding-bottom: 0px !important;}\u00bb][vc_column width=\u00bb1\/3&#8243;][vc_single_image image=\u00bb1052&#8243; img_size=\u00bbLarge\u00bb alignment=\u00bbcenter\u00bb style=\u00bbvc_box_shadow_circle\u00bb css_animation=\u00bbrotateIn\u00bb css=\u00bb\u00bb][\/vc_column][vc_column width=\u00bb2\/3&#8243;][vc_empty_space height=\u00bb20px\u00bb][vc_single_image image=\u00bb1057&#8243; img_size=\u00bbLarge\u00bb css=\u00bb\u00bb][\/vc_column][\/vc_row][vc_section full_width=\u00bbstretch_row_content\u00bb][vc_row parallax=\u00bbcontent-moving\u00bb parallax_image=\u00bb1011&#8243; css=\u00bb.vc_custom_1761147065811{padding-top: 50px !important;padding-bottom: 20px !important;}\u00bb][vc_column width=\u00bb1\/3&#8243;][\/vc_column][vc_column width=\u00bb1\/3&#8243;][\/vc_column][vc_column width=\u00bb1\/3&#8243;][\/vc_column][\/vc_row][\/vc_section]<\/p>\n","protected":false},"author":1,"featured_media":0,"parent":0,"menu_order":0,"comment_status":"closed","ping_status":"closed","template":"page.php","meta":{"_joinchat":[],"footnotes":""},"class_list":["post-1050","page","type-page","status-publish","hentry"],"_links":{"self":[{"href":"https:\/\/bixamexicana.com\/index.php\/wp-json\/wp\/v2\/pages\/1050","targetHints":{"allow":["GET"]}}],"collection":[{"href":"https:\/\/bixamexicana.com\/index.php\/wp-json\/wp\/v2\/pages"}],"about":[{"href":"https:\/\/bixamexicana.com\/index.php\/wp-json\/wp\/v2\/types\/page"}],"author":[{"embeddable":true,"href":"https:\/\/bixamexicana.com\/index.php\/wp-json\/wp\/v2\/users\/1"}],"replies":[{"embeddable":true,"href":"https:\/\/bixamexicana.com\/index.php\/wp-json\/wp\/v2\/comments?post=1050"}],"version-history":[{"count":11,"href":"https:\/\/bixamexicana.com\/index.php\/wp-json\/wp\/v2\/pages\/1050\/revisions"}],"predecessor-version":[{"id":1333,"href":"https:\/\/bixamexicana.com\/index.php\/wp-json\/wp\/v2\/pages\/1050\/revisions\/1333"}],"wp:attachment":[{"href":"https:\/\/bixamexicana.com\/index.php\/wp-json\/wp\/v2\/media?parent=1050"}],"curies":[{"name":"wp","href":"https:\/\/api.w.org\/{rel}","templated":true}]}}